{"id":3,"date":"2020-01-31T16:54:43","date_gmt":"2020-01-31T16:54:43","guid":{"rendered":"https:\/\/www.kein-opfer-sein.de\/?page_id=3"},"modified":"2025-07-28T13:01:49","modified_gmt":"2025-07-28T13:01:49","slug":"imprint","status":"publish","type":"page","link":"https:\/\/www.kein-opfer-mehr.net\/?page_id=3","title":{"rendered":"Impressum"},"content":{"rendered":"\n<p>F\u00fcr diese Internetpr\u00e4senz verantwortlich:<\/p>\n\n\n\n<p><strong>SCHERER-SECURITY<\/strong><br>Herr J\u00fcrgen Scherer <span style=\"color: #ff0000;\"><br><\/span>Schwarzwaldstrasse 1 <span style=\"color: #ff0000;\"><br><\/span>D-78136 Schonach <span style=\"color: #ff0000;\"><br><\/span>Germany <br><br>Umsatzsteuer Identifikationsnummer:&nbsp;DE 180 189 447 <\/p>\n\n\n\n<h3 class=\"wp-block-heading\">Telefonische Erreichbarkeit<\/h3>\n\n\n\n<p>Telefon: \u00a0+49 (0) 7722 \/ 916825\u00a0 <br>E-Mail: <a href=\"mailto:info@scherer-security.de\">info@scherer-security.de<\/a><\/p>\n\n\n\n<p>Haben Sie Fragen oder Hinweise? Senden Sie gern eine Nachricht.<br>Diese Internetpr\u00e4senz wurde von <a href=\"https:\/\/www.byteforest.de\">BYTEFOREST<\/a> <a href=\"https:\/\/www.byteforest.de\">Webdesign Berlin<\/a> erstellt<\/p>\n","protected":false},"excerpt":{"rendered":"<p>F\u00fcr diese Internetpr\u00e4senz verantwortlich: SCHERER-SECURITYHerr J\u00fcrgen Scherer Schwarzwaldstrasse 1 D-78136 Schonach Germany Umsatzsteuer Identifikationsnummer:&nbsp;DE 180 189 447 Telefonische Erreichbarkeit Telefon: \u00a0+49 (0) 7722 \/ 916825\u00a0<\/p>\n","protected":false},"author":2,"featured_media":0,"parent":0,"menu_order":0,"comment_status":"closed","ping_status":"closed","template":"","meta":{"footnotes":""},"class_list":["post-3","page","type-page","status-publish","hentry","even","last"],"_links":{"self":[{"href":"https:\/\/www.kein-opfer-mehr.net\/index.php?rest_route=\/wp\/v2\/pages\/3","targetHints":{"allow":["GET"]}}],"collection":[{"href":"https:\/\/www.kein-opfer-mehr.net\/index.php?rest_route=\/wp\/v2\/pages"}],"about":[{"href":"https:\/\/www.kein-opfer-mehr.net\/index.php?rest_route=\/wp\/v2\/types\/page"}],"author":[{"embeddable":true,"href":"https:\/\/www.kein-opfer-mehr.net\/index.php?rest_route=\/wp\/v2\/users\/2"}],"replies":[{"embeddable":true,"href":"https:\/\/www.kein-opfer-mehr.net\/index.php?rest_route=%2Fwp%2Fv2%2Fcomments&post=3"}],"version-history":[{"count":12,"href":"https:\/\/www.kein-opfer-mehr.net\/index.php?rest_route=\/wp\/v2\/pages\/3\/revisions"}],"predecessor-version":[{"id":636,"href":"https:\/\/www.kein-opfer-mehr.net\/index.php?rest_route=\/wp\/v2\/pages\/3\/revisions\/636"}],"wp:attachment":[{"href":"https:\/\/www.kein-opfer-mehr.net\/index.php?rest_route=%2Fwp%2Fv2%2Fmedia&parent=3"}],"curies":[{"name":"wp","href":"https:\/\/api.w.org\/{rel}","templated":true}]}}